{"id":554,"date":"2020-09-08T20:42:16","date_gmt":"2020-09-08T20:42:16","guid":{"rendered":"http:\/\/liquide-et-cbd.com\/?page_id=554"},"modified":"2020-09-14T18:03:31","modified_gmt":"2020-09-14T18:03:31","slug":"calculateurs","status":"publish","type":"page","link":"https:\/\/liquide-et-cbd.com\/?page_id=554","title":{"rendered":"Calculateurs"},"content":{"rendered":"\t\t<div data-elementor-type=\"wp-page\" data-elementor-id=\"554\" class=\"elementor elementor-554\" data-elementor-settings=\"[]\">\n\t\t\t<div class=\"elementor-inner\">\n\t\t\t\t<div class=\"elementor-section-wrap\">\n\t\t\t\t\t\t\t<section class=\"elementor-element elementor-element-b4d4d43 elementor-section-boxed elementor-section-height-default elementor-section-height-default elementor-section elementor-top-section\" data-id=\"b4d4d43\" data-element_type=\"section\">\n\t\t\t\t\t\t<div class=\"elementor-container elementor-column-gap-default\">\n\t\t\t\t<div class=\"elementor-row\">\n\t\t\t\t<div class=\"elementor-element elementor-element-658380f elementor-column elementor-col-100 elementor-top-column\" data-id=\"658380f\" data-element_type=\"column\">\n\t\t\t<div class=\"elementor-column-wrap  elementor-element-populated\">\n\t\t\t\t\t<div class=\"elementor-widget-wrap\">\n\t\t\t\t<div class=\"elementor-element elementor-element-4a2a173 elementor-widget elementor-widget-image\" data-id=\"4a2a173\" data-element_type=\"widget\" data-widget_type=\"image.default\">\n\t\t\t\t<div class=\"elementor-widget-container\">\n\t\t\t\t\t<div class=\"elementor-image\">\n\t\t\t\t\t\t\t\t\t\t\t<a href=\"https:\/\/www.peacenvape.com\">\n\t\t\t\t\t\t\t<img loading=\"lazy\" width=\"768\" height=\"90\" src=\"https:\/\/liquide-et-cbd.com\/wp-content\/uploads\/2020\/09\/baniere.gif\" class=\"attachment-large size-large\" alt=\"\" decoding=\"async\" \/>\t\t\t\t\t\t\t\t<\/a>\n\t\t\t\t\t\t\t\t\t\t\t<\/div>\n\t\t\t\t<\/div>\n\t\t\t\t<\/div>\n\t\t\t\t\t\t<\/div>\n\t\t\t<\/div>\n\t\t<\/div>\n\t\t\t\t\t\t<\/div>\n\t\t\t<\/div>\n\t\t<\/section>\n\t\t\t\t<section class=\"elementor-element elementor-element-12fdb30 elementor-section-boxed elementor-section-height-default elementor-section-height-default elementor-section elementor-top-section\" data-id=\"12fdb30\" data-element_type=\"section\">\n\t\t\t\t\t\t<div class=\"elementor-container elementor-column-gap-default\">\n\t\t\t\t<div class=\"elementor-row\">\n\t\t\t\t<div class=\"elementor-element elementor-element-1b96458 elementor-column elementor-col-100 elementor-top-column\" data-id=\"1b96458\" data-element_type=\"column\">\n\t\t\t<div class=\"elementor-column-wrap  elementor-element-populated\">\n\t\t\t\t\t<div class=\"elementor-widget-wrap\">\n\t\t\t\t<div class=\"elementor-element elementor-element-f92fa7e elementor-widget elementor-widget-text-editor\" data-id=\"f92fa7e\" data-element_type=\"widget\" data-widget_type=\"text-editor.default\">\n\t\t\t\t<div class=\"elementor-widget-container\">\n\t\t\t\t\t<div class=\"elementor-text-editor elementor-clearfix\"><p>Choisissez l&rsquo;un de nos calculateurs pour faciliter votre DIY ou Mix n Vape. Cliquez sur celui qui vous permettra de r\u00e9ussir votre pr\u00e9paration en toute simplicit\u00e9.<\/p><\/div>\n\t\t\t\t<\/div>\n\t\t\t\t<\/div>\n\t\t\t\t\t\t<\/div>\n\t\t\t<\/div>\n\t\t<\/div>\n\t\t\t\t\t\t<\/div>\n\t\t\t<\/div>\n\t\t<\/section>\n\t\t\t\t<section class=\"elementor-element elementor-element-55362902 elementor-section-boxed elementor-section-height-default elementor-section-height-default elementor-section elementor-top-section\" data-id=\"55362902\" data-element_type=\"section\">\n\t\t\t\t\t\t<div class=\"elementor-container elementor-column-gap-default\">\n\t\t\t\t<div class=\"elementor-row\">\n\t\t\t\t<div class=\"elementor-element elementor-element-61486da4 elementor-column elementor-col-100 elementor-top-column\" data-id=\"61486da4\" data-element_type=\"column\">\n\t\t\t<div class=\"elementor-column-wrap  elementor-element-populated\">\n\t\t\t\t\t<div class=\"elementor-widget-wrap\">\n\t\t\t\t<div class=\"elementor-element elementor-element-30906bee elementor-widget elementor-widget-text-editor\" data-id=\"30906bee\" data-element_type=\"widget\" data-widget_type=\"text-editor.default\">\n\t\t\t\t<div class=\"elementor-widget-container\">\n\t\t\t\t\t<div class=\"elementor-text-editor elementor-clearfix\"><!-- wp:html -->\n<p>\u00a0<\/p>\n<!-- \/wp:html --><!-- wp:html -->\n<p><iframe loading=\"lazy\" id=\"calculateur\" title=\"calculateur\" src=\"calculateur\" width=\"1500\" height=\"1500\">\n<!-- \/wp:html --><!-- wp:paragraph -->\n<p><\/p>\n<!-- \/wp:paragraph --><\/iframe><\/p><\/div>\n\t\t\t\t<\/div>\n\t\t\t\t<\/div>\n\t\t\t\t\t\t<\/div>\n\t\t\t<\/div>\n\t\t<\/div>\n\t\t\t\t\t\t<\/div>\n\t\t\t<\/div>\n\t\t<\/section>\n\t\t\t\t\t\t<\/div>\n\t\t\t<\/div>\n\t\t<\/div>\n\t\t","protected":false},"excerpt":{"rendered":"<p>Choisissez l&rsquo;un de nos calculateurs pour faciliter votre DIY ou Mix n Vape. Cliquez sur celui qui vous permettra de r\u00e9ussir votre pr\u00e9paration en toute simplicit\u00e9. \u00a0<\/p>\n","protected":false},"author":1,"featured_media":0,"parent":0,"menu_order":0,"comment_status":"closed","ping_status":"closed","template":"","meta":{"_monsterinsights_skip_tracking":false,"_monsterinsights_sitenote_active":false,"_monsterinsights_sitenote_note":"","_monsterinsights_sitenote_category":0,"footnotes":""},"_links":{"self":[{"href":"https:\/\/liquide-et-cbd.com\/index.php?rest_route=\/wp\/v2\/pages\/554"}],"collection":[{"href":"https:\/\/liquide-et-cbd.com\/index.php?rest_route=\/wp\/v2\/pages"}],"about":[{"href":"https:\/\/liquide-et-cbd.com\/index.php?rest_route=\/wp\/v2\/types\/page"}],"author":[{"embeddable":true,"href":"https:\/\/liquide-et-cbd.com\/index.php?rest_route=\/wp\/v2\/users\/1"}],"replies":[{"embeddable":true,"href":"https:\/\/liquide-et-cbd.com\/index.php?rest_route=%2Fwp%2Fv2%2Fcomments&post=554"}],"version-history":[{"count":18,"href":"https:\/\/liquide-et-cbd.com\/index.php?rest_route=\/wp\/v2\/pages\/554\/revisions"}],"predecessor-version":[{"id":728,"href":"https:\/\/liquide-et-cbd.com\/index.php?rest_route=\/wp\/v2\/pages\/554\/revisions\/728"}],"wp:attachment":[{"href":"https:\/\/liquide-et-cbd.com\/index.php?rest_route=%2Fwp%2Fv2%2Fmedia&parent=554"}],"curies":[{"name":"wp","href":"https:\/\/api.w.org\/{rel}","templated":true}]}}